{"id":6439,"date":"2018-08-02T08:54:20","date_gmt":"2018-08-02T08:54:20","guid":{"rendered":"http:\/\/labtechco.themestek.com\/?page_id=6439"},"modified":"2022-03-29T14:29:14","modified_gmt":"2022-03-29T12:29:14","slug":"homepage-1","status":"publish","type":"page","link":"https:\/\/www.drone-net.fr\/","title":{"rendered":"Couvreur Orl\u00e9ans &#8211;  nettoyage toiture par pulv\u00e9risation triple jet"},"content":{"rendered":"<p>[vc_row themestek_textcolor=\u00a0\u00bbwhite\u00a0\u00bb full_width=\u00a0\u00bbstretch_row\u00a0\u00bb css=\u00a0\u00bb.vc_custom_1624896082951{padding-bottom: 160px !important;background-color: #42474c !important;}\u00a0\u00bb themestek_responsive_css=\u00a0\u00bb99742813|colbreak_no|||||||||colbreak_no|||||60||||colbreak_no||||||||||colbreak_no|||||||||\u00a0\u00bb][vc_column themestek_textcolor=\u00a0\u00bbwhite\u00a0\u00bb]<div class=\"themestek-element-heading-wrapper themestek-heading-inner themestek-element-align-left themestek-seperator-none \"><section class=\"themestek-vc_cta3-container\"><div class=\"themestek-vc_general themestek-vc_cta3 themestek-cta3-only themestek-vc_cta3-style-classic themestek-vc_cta3-shape-rounded themestek-vc_cta3-align-left themestek-vc_cta3-color-transparent themestek-vc_cta3-icon-size-md themestek-vc_cta3-actions-no themestek-cta3-without-desc\"><div class=\"themestek-vc_cta3_content-container\"><div class=\"themestek-vc_cta3-content\"><div class=\"themestek-vc_cta3-content-header themestek-wrap\"><div class=\"themestek-vc_cta3-headers themestek-wrap-cell\"><h4 class=\"themestek-custom-heading \" >Entreprise de nettoyage ext\u00e9rieur \u00e0 Orl\u00e9ans - Couvreurs exp\u00e9riment\u00e9s<\/h4>\n<h2 class=\"themestek-custom-heading \" >Nettoyer sa toiture \u00e0 Orl\u00e9ans (45)<\/h2>\n<\/div><\/div><\/div><\/div><\/div><\/section><\/div> <!-- .themestek-element-heading-wrapper container --> [vc_column_text]Vous avez besoin de nettoyer votre toiture et\/ou vos surfaces ext\u00e9rieures?<\/p>\n<p>Drone Net propose des services de nettoyage ext\u00e9rieur \u00e0 Orl\u00e9ans et en r\u00e9gion Centre-Val-de-Loire. L&rsquo;intervention au drone permet d&rsquo;atteindre des zones difficiles d&rsquo;acc\u00e8s et dangereuses comme les immeubles de grande hauteur.<\/p>\n<p>Notre flotte de drones laveurs est utilis\u00e9e pour :<\/p>\n<ul>\n<li>d\u00e9moussage de toits,<\/li>\n<li>nettoyage de toitures,<\/li>\n<li>nettoyage de fa\u00e7ades,<\/li>\n<li>nettoyage de vitres et fen\u00eatres,<\/li>\n<li>nettoyage de panneaux solaires photovolta\u00efques\u00a0(am\u00e9lioration des performances jusqu&rsquo;\u00e0 25%)<\/li>\n<li>nettoyage de panneaux d&rsquo;affichage<\/li>\n<li>nettoyage de ponts et autres structures et objets hauts et difficiles d&rsquo;acc\u00e8s<\/li>\n<\/ul>\n<p>[\/vc_column_text]<div class=\"themestek-boxes themestek-boxes-service themestek-boxes-view-carousel themestek-boxes-col-three themestek-boxes-sortable-no themestek-boxes-textalign-left themestek-boxes-sortablebutton- themestek-boxes-carousel-arrows-hide themestek-boxes-txtalign-left\" data-themestek-speed=\"1500\" data-themestek-autoplay=\"1\" data-themestek-autoplayspeed=\"4500\" data-themestek-loop=\"1\" data-themestek-dots=\"1\" data-themestek-nav=\"hide\" data-themestek-centermode=\"0\" data-themestek-pauseonfocus=\"1\" data-themestek-pauseonhover=\"1\" data-themestek-slidestoscroll=\"column\" data-themestek-effecttype=\"slide\">\n\t\t<div class=\"themestek-boxes-inner themestek-boxes-service-inner \">\n\t\t\t\n\t\t\t<div class=\"row multi-columns-row themestek-boxes-row-wrapper\">\n\t\t\t\t<div class=\"themestek-box-col-wrapper col-lg-4 col-sm-6 col-md-4 col-xs-12 \"><article class=\"themestek-box themestek-box-service themestek-servicebox-style-2\">\n\t<div class=\"themestek-post-item\">\n\t\t\n\t\t<span class=\"themestek-item-thumbnail\">\n\t\t\t<span class=\"themestek-item-thumbnail-inner\">\n\t\t\t\t<img width=\"800\" height=\"650\" src=\"https:\/\/www.drone-net.fr\/wp-content\/uploads\/2021\/07\/nettoyage-toiture-par-drone-orleans-45-800x650.png\" class=\"attachment-themestek-img-800x650 size-themestek-img-800x650 wp-post-image\" alt=\"\" loading=\"lazy\" data-id=\"11876\" \/>\n\t\t\t<\/span>\n\t\t<\/span>\t\t<div class=\"themestek-box-content\">\n            <div class=\"themestek-box-content-inner\">\n\t\t\t\t<div class=\"themestek-pf-box-title\">\n\t\t\t\t\t<div class=\"themestek-box-category\"><\/div>\n\t\t\t\t\t<h3><a href=\"https:\/\/www.drone-net.fr\/index.php\/service\/demoussage-nettoyage-de-toiture-orleans\/\">D\u00e9moussage\/Nettoyage de Toiture Orl\u00e9ans<\/a><\/h3>\t\t\t\t\n\t\t\t\t<\/div> \n\t\t\t<\/div>\t\t\n\t\t<\/div>\n\t<\/div>\n<\/article><\/div><div class=\"themestek-box-col-wrapper col-lg-4 col-sm-6 col-md-4 col-xs-12 \"><article class=\"themestek-box themestek-box-service themestek-servicebox-style-2\">\n\t<div class=\"themestek-post-item\">\n\t\t\n\t\t<span class=\"themestek-item-thumbnail\">\n\t\t\t<span class=\"themestek-item-thumbnail-inner\">\n\t\t\t\t<img width=\"800\" height=\"600\" src=\"https:\/\/www.drone-net.fr\/wp-content\/uploads\/2021\/07\/mirrored-windows-reflection-of-clouds-and-lantern-blue-sky-skyscraper-surface-line-pattern-perspective-steel-structure-urban-abstraction-geometric-shape-modern-exterior-wall-texture-800x600.jpg\" class=\"attachment-themestek-img-800x650 size-themestek-img-800x650 wp-post-image\" alt=\"\" loading=\"lazy\" data-id=\"11860\" \/>\n\t\t\t<\/span>\n\t\t<\/span>\t\t<div class=\"themestek-box-content\">\n            <div class=\"themestek-box-content-inner\">\n\t\t\t\t<div class=\"themestek-pf-box-title\">\n\t\t\t\t\t<div class=\"themestek-box-category\"><\/div>\n\t\t\t\t\t<h3><a href=\"https:\/\/www.drone-net.fr\/index.php\/service\/nettoyage-de-vitres-et-fenetres-orleans-45\/\">Nettoyage de Vitres et Fen\u00eatres Orl\u00e9ans 45<\/a><\/h3>\t\t\t\t\n\t\t\t\t<\/div> \n\t\t\t<\/div>\t\t\n\t\t<\/div>\n\t<\/div>\n<\/article><\/div><div class=\"themestek-box-col-wrapper col-lg-4 col-sm-6 col-md-4 col-xs-12 \"><article class=\"themestek-box themestek-box-service themestek-servicebox-style-2\">\n\t<div class=\"themestek-post-item\">\n\t\t\n\t\t<span class=\"themestek-item-thumbnail\">\n\t\t\t<span class=\"themestek-item-thumbnail-inner\">\n\t\t\t\t<img width=\"800\" height=\"650\" src=\"https:\/\/www.drone-net.fr\/wp-content\/uploads\/2018\/12\/nettoyage-panneaux-solaires-toit-orleans-800x650.jpg\" class=\"attachment-themestek-img-800x650 size-themestek-img-800x650 wp-post-image\" alt=\"\" loading=\"lazy\" data-id=\"11786\" \/>\n\t\t\t<\/span>\n\t\t<\/span>\t\t<div class=\"themestek-box-content\">\n            <div class=\"themestek-box-content-inner\">\n\t\t\t\t<div class=\"themestek-pf-box-title\">\n\t\t\t\t\t<div class=\"themestek-box-category\"><\/div>\n\t\t\t\t\t<h3><a href=\"https:\/\/www.drone-net.fr\/index.php\/service\/nettoyage-de-panneaux-photovoltaiques\/\">Nettoyage de Panneaux Photovolta\u00efques Orl\u00e9ans<\/a><\/h3>\t\t\t\t\n\t\t\t\t<\/div> \n\t\t\t<\/div>\t\t\n\t\t<\/div>\n\t<\/div>\n<\/article><\/div><div class=\"themestek-box-col-wrapper col-lg-4 col-sm-6 col-md-4 col-xs-12 \"><article class=\"themestek-box themestek-box-service themestek-servicebox-style-2\">\n\t<div class=\"themestek-post-item\">\n\t\t\n\t\t<span class=\"themestek-item-thumbnail\">\n\t\t\t<span class=\"themestek-item-thumbnail-inner\">\n\t\t\t\t<img width=\"800\" height=\"650\" src=\"https:\/\/www.drone-net.fr\/wp-content\/uploads\/2019\/01\/nettoyage-facade-drone-net-region-centre-800x650.jpg\" class=\"attachment-themestek-img-800x650 size-themestek-img-800x650 wp-post-image\" alt=\"\" loading=\"lazy\" data-id=\"12045\" \/>\n\t\t\t<\/span>\n\t\t<\/span>\t\t<div class=\"themestek-box-content\">\n            <div class=\"themestek-box-content-inner\">\n\t\t\t\t<div class=\"themestek-pf-box-title\">\n\t\t\t\t\t<div class=\"themestek-box-category\"><\/div>\n\t\t\t\t\t<h3><a href=\"https:\/\/www.drone-net.fr\/index.php\/service\/nettoyage-de-facade-orleans\/\">Nettoyage de Fa\u00e7ade Orl\u00e9ans<\/a><\/h3>\t\t\t\t\n\t\t\t\t<\/div> \n\t\t\t<\/div>\t\t\n\t\t<\/div>\n\t<\/div>\n<\/article><\/div>\n\t\t\t<\/div>\n\t\t<\/div><!-- .themestek-boxes-inner -->   <\/div><!-- .themestek-boxes -->  [\/vc_column][\/vc_row][vc_row themestek_bgcolor=\u00a0\u00bbgrey\u00a0\u00bb full_width=\u00a0\u00bbstretch_row\u00a0\u00bb css=\u00a0\u00bb.vc_custom_1625469344174{padding-bottom: 0px !important;}\u00a0\u00bb][vc_column][\/vc_column][\/vc_row][vc_row themestek_bgcolor=\u00a0\u00bbwhite\u00a0\u00bb zindex=\u00a0\u00bb2&Prime; full_width=\u00a0\u00bbstretch_row\u00a0\u00bb themestek_responsive_css=\u00a0\u00bb60259570|colbreak_no|||||||||colbreak_no|||||60||||colbreak_no||||||||||colbreak_no|||||||||\u00a0\u00bb][vc_column][vc_row_inner themestek_bgcolor=\u00a0\u00bbwhite\u00a0\u00bb gap=\u00a0\u00bb0px\u00a0\u00bb css=\u00a0\u00bb.vc_custom_1559893722809{margin-top: -240px !important;margin-right: 5px !important;margin-left: 5px !important;padding-top: 0px !important;}\u00a0\u00bb el_class=\u00a0\u00bbthemestek-no-gutter themestek-box-seprator\u00a0\u00bb][vc_column_inner themestek_textcolor=\u00a0\u00bbwhite\u00a0\u00bb themestek_bgcolor=\u00a0\u00bbskincolor\u00a0\u00bb themestek_shadow=\u00a0\u00bbyes\u00a0\u00bb el_class=\u00a0\u00bbthemestek-iconbox-active\u00a0\u00bb width=\u00a0\u00bb1\/3&Prime;]<div class=\"themestek-ihbox themestek-ihbox-style-3 themestek-ihbox-itype-icon \">\n\t<div class=\"themestek-sbox-bgimage-layer themestek-bgimage-layer\"><\/div>\n\t<div class=\"themestek-ihbox-wrapper-bg-layer themestek-bg-layer\"><\/div>\n\t<div class=\"themestek-ihbox-inner\">\n\t\t<div class=\"themestek-ihbox-icon  themestek-icon-skincolor\">\n\t\t\t<div class=\"themestek-ihbox-icon-wrapper\"><i class=\"themestek-attorco-business-icon themestek-attorco-business-icon-smile\"><\/i><\/div>\t\t<\/div>\n\t\t<div class=\"themestek-ihbox-contents\">\n\t\t\t<div class=\"themestek-vc_general themestek-vc_cta3 themestek-cta3-only themestek-vc_cta3-style-classic themestek-vc_cta3-shape-rounded themestek-vc_cta3-align-left themestek-vc_cta3-color-transparent themestek-vc_cta3-icon-size-md themestek-vc_cta3-actions-no themestek-cta3-without-desc\"><div class=\"themestek-vc_cta3_content-container\"><div class=\"themestek-vc_cta3-content\"><div class=\"themestek-vc_cta3-content-header themestek-wrap\"><div class=\"themestek-vc_cta3-headers themestek-wrap-cell\"><h2 class=\"themestek-custom-heading \">Meilleur rapport qualit\u00e9\/prix<\/h2>\n<\/div><\/div><\/div><\/div><\/div>\t\t\t\t\t\t\t\t<\/div><!-- .themestek-ihbox-contents -->\n\t<\/div>\n<\/div>\n[\/vc_column_inner][vc_column_inner width=\u00a0\u00bb1\/3&Prime;]<div class=\"themestek-ihbox themestek-ihbox-style-3 themestek-ihbox-itype-icon \">\n\t<div class=\"themestek-sbox-bgimage-layer themestek-bgimage-layer\"><\/div>\n\t<div class=\"themestek-ihbox-wrapper-bg-layer themestek-bg-layer\"><\/div>\n\t<div class=\"themestek-ihbox-inner\">\n\t\t<div class=\"themestek-ihbox-icon  themestek-icon-skincolor\">\n\t\t\t<div class=\"themestek-ihbox-icon-wrapper\"><i class=\"themestek-attorco-business-icon themestek-attorco-business-icon-lawyer-2\"><\/i><\/div>\t\t<\/div>\n\t\t<div class=\"themestek-ihbox-contents\">\n\t\t\t<div class=\"themestek-vc_general themestek-vc_cta3 themestek-cta3-only themestek-vc_cta3-style-classic themestek-vc_cta3-shape-rounded themestek-vc_cta3-align-left themestek-vc_cta3-color-transparent themestek-vc_cta3-icon-size-md themestek-vc_cta3-actions-no themestek-cta3-without-desc\"><div class=\"themestek-vc_cta3_content-container\"><div class=\"themestek-vc_cta3-content\"><div class=\"themestek-vc_cta3-content-header themestek-wrap\"><div class=\"themestek-vc_cta3-headers themestek-wrap-cell\"><h2 class=\"themestek-custom-heading \">Professionnels qualifi\u00e9s<\/h2>\n<\/div><\/div><\/div><\/div><\/div>\t\t\t\t\t\t\t\t<\/div><!-- .themestek-ihbox-contents -->\n\t<\/div>\n<\/div>\n[\/vc_column_inner][vc_column_inner themestek_textcolor=\u00a0\u00bbwhite\u00a0\u00bb width=\u00a0\u00bb1\/3&Prime;]<div class=\"themestek-ihbox themestek-ihbox-style-3 themestek-ihbox-itype-icon \">\n\t<div class=\"themestek-sbox-bgimage-layer themestek-bgimage-layer\"><\/div>\n\t<div class=\"themestek-ihbox-wrapper-bg-layer themestek-bg-layer\"><\/div>\n\t<div class=\"themestek-ihbox-inner\">\n\t\t<div class=\"themestek-ihbox-icon  themestek-icon-skincolor\">\n\t\t\t<div class=\"themestek-ihbox-icon-wrapper\"><i class=\"themestek-attorco-business-icon themestek-attorco-business-icon-shield\"><\/i><\/div>\t\t<\/div>\n\t\t<div class=\"themestek-ihbox-contents\">\n\t\t\t<div class=\"themestek-vc_general themestek-vc_cta3 themestek-cta3-only themestek-vc_cta3-style-classic themestek-vc_cta3-shape-rounded themestek-vc_cta3-align-left themestek-vc_cta3-color-transparent themestek-vc_cta3-icon-size-md themestek-vc_cta3-actions-no themestek-cta3-without-desc\"><div class=\"themestek-vc_cta3_content-container\"><div class=\"themestek-vc_cta3-content\"><div class=\"themestek-vc_cta3-content-header themestek-wrap\"><div class=\"themestek-vc_cta3-headers themestek-wrap-cell\"><h2 class=\"themestek-custom-heading \">Travail rapide et efficace effectu\u00e9 par drone<\/h2>\n<\/div><\/div><\/div><\/div><\/div>\t\t\t\t\t\t\t\t<\/div><!-- .themestek-ihbox-contents -->\n\t<\/div>\n<\/div>\n[\/vc_column_inner][\/vc_row_inner][\/vc_column][\/vc_row][vc_row themestek_bgcolor=\u00a0\u00bbgrey\u00a0\u00bb full_width=\u00a0\u00bbstretch_row\u00a0\u00bb css=\u00a0\u00bb.vc_custom_1560430127366{padding-top: 70px !important;padding-bottom: 0px !important;}\u00a0\u00bb][vc_column width=\u00a0\u00bb1\/2&Prime;]<div class=\"themestek-element-heading-wrapper themestek-heading-inner themestek-element-align-left themestek-seperator-none \"><section class=\"themestek-vc_cta3-container\"><div class=\"themestek-vc_general themestek-vc_cta3 themestek-cta3-only themestek-vc_cta3-style-classic themestek-vc_cta3-shape-rounded themestek-vc_cta3-align-left themestek-vc_cta3-color-transparent themestek-vc_cta3-icon-size-md themestek-vc_cta3-actions-no themestek-cta3-without-desc\"><div class=\"themestek-vc_cta3_content-container\"><div class=\"themestek-vc_cta3-content\"><div class=\"themestek-vc_cta3-content-header themestek-wrap\"><div class=\"themestek-vc_cta3-headers themestek-wrap-cell\"><h4 class=\"themestek-custom-heading \" >Pourquoi nous choisir ?<\/h4>\n<h2 class=\"themestek-custom-heading \" >R\u00e9sultats garantis<\/h2>\n<\/div><\/div><\/div><\/div><\/div><\/section><\/div> <!-- .themestek-element-heading-wrapper container --> [vc_column_text]Nos professionnels sont qualifi\u00e9s et disposent d&rsquo;une exp\u00e9rience reconnue pour effectuer un travail de <strong>nettoyage<\/strong> de qualit\u00e9 sur un grand nombre de surfaces diff\u00e9rentes en <strong>ext\u00e9rieur<\/strong> dans le <strong>Loiret<\/strong> et la r\u00e9gion <strong>Centre-Val-de-Loire<\/strong>.[\/vc_column_text][vc_row_inner gap=\u00a0\u00bb0px\u00a0\u00bb css=\u00a0\u00bb.vc_custom_1560501679259{margin-top: -20px !important;}\u00a0\u00bb][vc_column_inner width=\u00a0\u00bb1\/2&Prime;]<ul class=\"themestek-list themestek-list-style-icon themestek-list-icon-color- themestek- themestek-icon- themestek-list-textsize- themestek-list-icon-library-fontawesome\"><li><i class=\"themestek- fa fa-circle\"><\/i>  <span class=\"themestek-list-li-content\">Professionnels exp\u00e9riment\u00e9s<\/span><\/li><li><i class=\"themestek- fa fa-circle\"><\/i>  <span class=\"themestek-list-li-content\">Techniciens<\/span><\/li><\/ul>[\/vc_column_inner][vc_column_inner width=\u00a0\u00bb1\/2&Prime; themestek_responsive_css=\u00a0\u00bb68885542|colbreak_no|||||||||colbreak_no|||||||||colbreak_no|-25|||||||||colbreak_no|||||||||\u00a0\u00bb]<ul class=\"themestek-list themestek-list-style-icon themestek-list-icon-color- themestek- themestek-icon- themestek-list-textsize- themestek-list-icon-library-fontawesome\"><li><i class=\"themestek- fa fa-circle\"><\/i>  <span class=\"themestek-list-li-content\">Devis gratuit<\/span><\/li><li><i class=\"themestek- fa fa-circle\"><\/i>  <span class=\"themestek-list-li-content\">Tarif d\u00e9fiant toute concurrence<\/span><\/li><\/ul>[\/vc_column_inner][\/vc_row_inner][\/vc_column][vc_column width=\u00a0\u00bb1\/2&Prime; css=\u00a0\u00bb.vc_custom_1560860876428{padding-top: 10px !important;padding-bottom: 50px !important;}\u00a0\u00bb themestek_responsive_css=\u00a0\u00bb84277862|colbreak_no|||||||||colbreak_no|||||||||colbreak_no|||||20|||||colbreak_no|||||||||\u00a0\u00bb][vc_single_image image=\u00a0\u00bb11825&Prime; img_size=\u00a0\u00bbfull\u00a0\u00bb css=\u00a0\u00bb.vc_custom_1625468969951{margin-bottom: 0px !important;}\u00a0\u00bb][\/vc_column][\/vc_row][vc_row][vc_column][vc_row_inner gap=\u00a0\u00bb0px\u00a0\u00bb css=\u00a0\u00bb.vc_custom_1629213570102{padding-top: 5px !important;padding-left: 5px !important;}\u00a0\u00bb][vc_column_inner width=\u00a0\u00bb1\/3&Prime;][vc_single_image image=\u00a0\u00bb11782&Prime; img_size=\u00a0\u00bbmedium\u00a0\u00bb alignment=\u00a0\u00bbcenter\u00a0\u00bb style=\u00a0\u00bbvc_box_outline_circle_2&Prime; border_color=\u00a0\u00bbpurple\u00a0\u00bb onclick=\u00a0\u00bbzoom\u00a0\u00bb][\/vc_column_inner][vc_column_inner width=\u00a0\u00bb2\/3&Prime;]<h2 style=\"text-align:center;color:#5b005e;\" class=\"themestek-custom-heading \" >Nettoyer le toit et sa maison<\/h2>\n[vc_column_text]Nous utilisons un <strong>anti-mousse<\/strong> pour parfaire le <strong>nettoyage<\/strong> de votre <strong>toiture<\/strong>. En effet, les t\u00e2ches ne seront \u00e9radiqu\u00e9es qu\u2019apr\u00e8s un traitement adapt\u00e9. C\u2019est l\u00e0 que nous utilisons nos produits professionnels qui permettent de ralentir le d\u00e9p\u00f4t des futures mousses.<\/p>\n<p>Nous utilisons \u00e9galement des <strong>hydrofuges<\/strong> qui att\u00e9nuent la porosit\u00e9 des tuiles. Ce produit sert \u00e0 donner une texture plus lisse et ainsi freine la d\u00e9position des mousses. Car les intemp\u00e9ries ainsi que la pollution sont les premiers facteurs favorisant l\u2019apparition des mousses. Avec une couverture \u00e0 la texture lisse et couverte de produits anti-mousse, il ne sera plus n\u00e9cessaire de r\u00e9aliser un grand nettoyage de votre toiture mais juste un entretien. La maison pr\u00e9serve ainsi une apparence entretenue tout au long de l\u2019ann\u00e9e.[\/vc_column_text][vc_zigzag css=\u00a0\u00bb.vc_custom_1629289865756{margin-bottom: 0px !important;border-bottom-width: 0px !important;padding-bottom: 0px !important;}\u00a0\u00bb][\/vc_column_inner][\/vc_row_inner][\/vc_column][\/vc_row][vc_row css=\u00a0\u00bb.vc_custom_1629289891871{margin-top: 0px !important;border-top-width: 0px !important;padding-top: 0px !important;}\u00a0\u00bb][vc_column css=\u00a0\u00bb.vc_custom_1629290039132{margin-top: 0px !important;border-top-width: 0px !important;padding-top: 0px !important;}\u00a0\u00bb][vc_row_inner gap=\u00a0\u00bb0px\u00a0\u00bb css=\u00a0\u00bb.vc_custom_1629289964186{margin-top: 0px !important;border-top-width: 0px !important;padding-top: 0px !important;padding-left: 5px !important;}\u00a0\u00bb][vc_column_inner width=\u00a0\u00bb1\/3&Prime;][vc_single_image image=\u00a0\u00bb12022&Prime; img_size=\u00a0\u00bbmedium\u00a0\u00bb alignment=\u00a0\u00bbcenter\u00a0\u00bb style=\u00a0\u00bbvc_box_outline_circle_2&Prime; border_color=\u00a0\u00bbpurple\u00a0\u00bb onclick=\u00a0\u00bbzoom\u00a0\u00bb][\/vc_column_inner][vc_column_inner width=\u00a0\u00bb2\/3&Prime; css=\u00a0\u00bb.vc_custom_1629290055662{margin-top: 0px !important;border-top-width: 0px !important;padding-top: 0px !important;}\u00a0\u00bb]<h2 style=\"text-align:center;color:#5b005e;\" class=\"themestek-custom-heading vc_custom_1629728401869\" >Faites appel \u00e0 un professionnel de la couverture<\/h2>\n[vc_column_text css=\u00a0\u00bb.vc_custom_1629126883231{padding-top: 3px !important;}\u00a0\u00bb]Il est vrai que passer par un professionnel all\u00e8ge les diff\u00e9rentes \u00e9tapes jusqu\u2019\u00e0 la phase finale de la toiture. Le monde de la toiture n\u2019a plus de secrets pour les professionnels, ils connaissent les moindres d\u00e9fauts et regorgent de conseils pour une toiture longue dur\u00e9e. <strong>Drone Net<\/strong> fait partie de ces professionnels. Il vous \u00e9vitera des travaux interminables. Il vous fournira un <strong>devis d\u00e9taill\u00e9<\/strong> et <strong>transparent<\/strong>. Utilis\u00e9 pour intervenir avec un <strong>drone<\/strong>, il garantira une intervention <strong>s\u00e9curis\u00e9e<\/strong> et sans risques de casser des tuiles en marchant dessus.<\/p>\n<p>De plus, vous ferez l\u2019\u00e9conomie de la location d\u2019une nacelle ou de l\u2019installation d\u2019un \u00e9chafaudage qui repr\u00e9sente un co\u00fbt important pour ce type de prestations.[\/vc_column_text][\/vc_column_inner][\/vc_row_inner][\/vc_column][\/vc_row][vc_row][vc_column][vc_masonry_grid post_type=\u00a0\u00bbpost\u00a0\u00bb max_items=\u00a0\u00bb3&Prime; grid_id=\u00a0\u00bbvc_gid:1648556805671-2734ddd6-55f2-4&Prime;][\/vc_column][\/vc_row]<\/p>\n","protected":false},"excerpt":{"rendered":"<p>[vc_row themestek_textcolor=\u00a0\u00bbwhite\u00a0\u00bb full_width=\u00a0\u00bbstretch_row\u00a0\u00bb css=\u00a0\u00bb.vc_custom_1624896082951{padding-bottom: 160px !important;background-color: #42474c !important;}\u00a0\u00bb themestek_responsive_css=\u00a0\u00bb99742813|colbreak_no|||||||||colbreak_no|||||60||||colbreak_no||||||||||colbreak_no|||||||||\u00a0\u00bb][vc_column themestek_textcolor=\u00a0\u00bbwhite\u00a0\u00bb][vc_column_text]Vous avez besoin de nettoyer votre toiture et\/ou vos surfaces ext\u00e9rieures? Drone Net propose des services de nettoyage ext\u00e9rieur \u00e0 Orl\u00e9ans et en r\u00e9gion Centre-Val-de-Loire. L&rsquo;intervention au drone permet d&rsquo;atteindre des zones difficiles d&rsquo;acc\u00e8s et dangereuses comme les immeubles de grande hauteur. Notre flotte de drones &hellip; <a href=\"https:\/\/www.drone-net.fr\/index.php\/service\/nettoyage-de-facade-orleans\/\" class=\"more-link\">Continue reading <span class=\"screen-reader-text\">Nettoyage de Fa\u00e7ade Orl\u00e9ans<\/span><\/a><\/p>\n","protected":false},"author":1,"featured_media":0,"parent":0,"menu_order":1,"comment_status":"closed","ping_status":"closed","template":"","meta":[],"yoast_head":"<!-- This site is optimized with the Yoast SEO plugin v16.6.1 - https:\/\/yoast.com\/wordpress\/plugins\/seo\/ -->\n<title>Couvreur Orl\u00e9ans - Nettoyage Toiture Pulv\u00e9risation Triple Jet \u00a9Drone Net<\/title>\n<meta name=\"description\" content=\"Nettoyage en hauteur Orl\u00e9ans : toitures, vitres, fa\u00e7ades, panneaux solaires . Couvreurs exp\u00e9riment\u00e9s - Technologie Drone-Net\u00a9 \u00e0 votre service.\" \/>\n<meta name=\"robots\" content=\"index, follow, max-snippet:-1, max-image-preview:large, max-video-preview:-1\" \/>\n<link rel=\"canonical\" href=\"https:\/\/www.drone-net.fr\/\" \/>\n<meta property=\"og:locale\" content=\"fr_FR\" \/>\n<meta property=\"og:type\" content=\"article\" \/>\n<meta property=\"og:title\" content=\"Couvreur Orl\u00e9ans - Nettoyage Toiture Pulv\u00e9risation Triple Jet \u00a9Drone Net\" \/>\n<meta property=\"og:description\" content=\"Nettoyage en hauteur Orl\u00e9ans : toitures, vitres, fa\u00e7ades, panneaux solaires . Couvreurs exp\u00e9riment\u00e9s - Technologie Drone-Net\u00a9 \u00e0 votre service.\" \/>\n<meta property=\"og:url\" content=\"https:\/\/www.drone-net.fr\/\" \/>\n<meta property=\"og:site_name\" content=\"DRONE NET\" \/>\n<meta property=\"article:modified_time\" content=\"2022-03-29T12:29:14+00:00\" \/>\n<meta name=\"twitter:card\" content=\"summary_large_image\" \/>\n<meta name=\"twitter:label1\" content=\"Dur\u00e9e de lecture est.\" \/>\n\t<meta name=\"twitter:data1\" content=\"3 minutes\" \/>\n<script type=\"application\/ld+json\" class=\"yoast-schema-graph\">{\"@context\":\"https:\/\/schema.org\",\"@graph\":[{\"@type\":\"WebSite\",\"@id\":\"https:\/\/www.drone-net.fr\/#website\",\"url\":\"https:\/\/www.drone-net.fr\/\",\"name\":\"DRONE NET\",\"description\":\"D\\u00e9moussage de toitures, nettoyage de fa\\u00e7ades et b\\u00e2timents sur Orl\\u00e9ans et la r\\u00e9gion\",\"potentialAction\":[{\"@type\":\"SearchAction\",\"target\":{\"@type\":\"EntryPoint\",\"urlTemplate\":\"https:\/\/www.drone-net.fr\/?s={search_term_string}\"},\"query-input\":\"required name=search_term_string\"}],\"inLanguage\":\"fr-FR\"},{\"@type\":\"WebPage\",\"@id\":\"https:\/\/www.drone-net.fr\/#webpage\",\"url\":\"https:\/\/www.drone-net.fr\/\",\"name\":\"Couvreur Orl\\u00e9ans - Nettoyage Toiture Pulv\\u00e9risation Triple Jet \\u00a9Drone Net\",\"isPartOf\":{\"@id\":\"https:\/\/www.drone-net.fr\/#website\"},\"datePublished\":\"2018-08-02T08:54:20+00:00\",\"dateModified\":\"2022-03-29T12:29:14+00:00\",\"description\":\"Nettoyage en hauteur Orl\\u00e9ans : toitures, vitres, fa\\u00e7ades, panneaux solaires . Couvreurs exp\\u00e9riment\\u00e9s - Technologie Drone-Net\\u00a9 \\u00e0 votre service.\",\"breadcrumb\":{\"@id\":\"https:\/\/www.drone-net.fr\/#breadcrumb\"},\"inLanguage\":\"fr-FR\",\"potentialAction\":[{\"@type\":\"ReadAction\",\"target\":[\"https:\/\/www.drone-net.fr\/\"]}]},{\"@type\":\"BreadcrumbList\",\"@id\":\"https:\/\/www.drone-net.fr\/#breadcrumb\",\"itemListElement\":[{\"@type\":\"ListItem\",\"position\":1,\"name\":\"Accueil\",\"item\":\"https:\/\/www.drone-net.fr\/\"},{\"@type\":\"ListItem\",\"position\":2,\"name\":\"Couvreur Orl\\u00e9ans &#8211; nettoyage toiture par pulv\\u00e9risation triple jet\"}]}]}<\/script>\n<!-- \/ Yoast SEO plugin. -->","_links":{"self":[{"href":"https:\/\/www.drone-net.fr\/index.php\/wp-json\/wp\/v2\/pages\/6439"}],"collection":[{"href":"https:\/\/www.drone-net.fr\/index.php\/wp-json\/wp\/v2\/pages"}],"about":[{"href":"https:\/\/www.drone-net.fr\/index.php\/wp-json\/wp\/v2\/types\/page"}],"author":[{"embeddable":true,"href":"https:\/\/www.drone-net.fr\/index.php\/wp-json\/wp\/v2\/users\/1"}],"replies":[{"embeddable":true,"href":"https:\/\/www.drone-net.fr\/index.php\/wp-json\/wp\/v2\/comments?post=6439"}],"version-history":[{"count":103,"href":"https:\/\/www.drone-net.fr\/index.php\/wp-json\/wp\/v2\/pages\/6439\/revisions"}],"predecessor-version":[{"id":11772,"href":"https:\/\/www.drone-net.fr\/index.php\/wp-json\/wp\/v2\/pages\/6439\/revisions\/11772"}],"wp:attachment":[{"href":"https:\/\/www.drone-net.fr\/index.php\/wp-json\/wp\/v2\/media?parent=6439"}],"curies":[{"name":"wp","href":"https:\/\/api.w.org\/{rel}","templated":true}]}}